{"id":4713,"date":"2023-05-11T11:11:07","date_gmt":"2023-05-11T09:11:07","guid":{"rendered":"https:\/\/euphoria.marketing\/events\/?page_id=4713"},"modified":"2025-11-07T19:07:54","modified_gmt":"2025-11-07T18:07:54","slug":"pocetna-2","status":"publish","type":"page","link":"https:\/\/euphoria.marketing\/events\/","title":{"rendered":"Po\u010detna"},"content":{"rendered":"\t\t<div data-elementor-type=\"wp-page\" data-elementor-id=\"4713\" class=\"elementor elementor-4713\" data-elementor-post-type=\"page\">\n\t\t\t\t\t\t<section class=\"elementor-section elementor-top-section elementor-element elementor-element-eee5ee3 elementor-section-full_width elementor-section-content-top elementor-section-stretched elementor-section-height-full elementor-hidden-tablet elementor-hidden-mobile elementor-section-height-default elementor-section-items-middle\" data-id=\"eee5ee3\" data-element_type=\"section\" data-settings=\"{&quot;stretch_section&quot;:&quot;section-stretched&quot;}\">\n\t\t\t\t\t\t<div class=\"elementor-container elementor-column-gap-no\">\n\t\t\t\t\t<div class=\"elementor-column elementor-col-33 elementor-top-column elementor-element elementor-element-ba95b5f\" data-id=\"ba95b5f\" data-element_type=\"column\">\n\t\t\t<div class=\"elementor-widget-wrap elementor-element-populated\">\n\t\t\t\t\t\t<div class=\"elementor-element elementor-element-159b678 elementor-cta--skin-cover elementor-cta--valign-top elementor-animated-content elementor-bg-transform elementor-bg-transform-zoom-in elementor-widget elementor-widget-call-to-action\" data-id=\"159b678\" data-element_type=\"widget\" data-widget_type=\"call-to-action.default\">\n\t\t\t\t<div class=\"elementor-widget-container\">\n\t\t\t\t\t\t\t<a class=\"elementor-cta\" href=\"https:\/\/docek2026.com\/\">\n\t\t\t\t\t<div class=\"elementor-cta__bg-wrapper\">\n\t\t\t\t<div class=\"elementor-cta__bg elementor-bg\" style=\"background-image: url(https:\/\/euphoria.marketing\/events\/wp-content\/uploads\/2025\/11\/DOCEK-26-TEA-TAIROVIC-1080x1350-sajt.webp);\" role=\"img\" aria-label=\"DOCEK-26-TEA-TAIROVIC-1080x1350-sajt\"><\/div>\n\t\t\t\t<div class=\"elementor-cta__bg-overlay\"><\/div>\n\t\t\t<\/div>\n\t\t\t\t\t\t\t<div class=\"elementor-cta__content\">\n\t\t\t\t\n\t\t\t\t\n\t\t\t\t\n\t\t\t\t\t\t\t\t\t<div class=\"elementor-cta__button-wrapper elementor-cta__content-item elementor-content-item elementor-animated-item--grow\">\n\t\t\t\t\t<span class=\"elementor-cta__button elementor-button elementor-size-\">\n\t\t\t\t\t\tKlikni za vi\u0161e informacija\t\t\t\t\t<\/span>\n\t\t\t\t\t<\/div>\n\t\t\t\t\t\t\t<\/div>\n\t\t\t\t\t\t<\/a>\n\t\t\t\t\t\t<\/div>\n\t\t\t\t<\/div>\n\t\t\t\t\t<\/div>\n\t\t<\/div>\n\t\t\t\t<div class=\"elementor-column elementor-col-33 elementor-top-column elementor-element elementor-element-03ac677\" data-id=\"03ac677\" data-element_type=\"column\">\n\t\t\t<div class=\"elementor-widget-wrap elementor-element-populated\">\n\t\t\t\t\t\t<div class=\"elementor-element elementor-element-f049a38 elementor-cta--skin-cover elementor-cta--valign-top elementor-animated-content elementor-bg-transform elementor-bg-transform-zoom-in elementor-widget elementor-widget-call-to-action\" data-id=\"f049a38\" data-element_type=\"widget\" data-widget_type=\"call-to-action.default\">\n\t\t\t\t<div class=\"elementor-widget-container\">\n\t\t\t\t\t\t\t<a class=\"elementor-cta\" href=\"https:\/\/docek2026.com\/docek-nove-godine\/\">\n\t\t\t\t\t<div class=\"elementor-cta__bg-wrapper\">\n\t\t\t\t<div class=\"elementor-cta__bg elementor-bg\" style=\"background-image: url(https:\/\/euphoria.marketing\/events\/wp-content\/uploads\/2025\/11\/DOCEK-26-DOCEK-NOVE-GODINE-1080x1350-sajt.webp);\" role=\"img\" aria-label=\"DOCEK-26-DOCEK-NOVE-GODINE-1080x1350-sajt\"><\/div>\n\t\t\t\t<div class=\"elementor-cta__bg-overlay\"><\/div>\n\t\t\t<\/div>\n\t\t\t\t\t\t\t<div class=\"elementor-cta__content\">\n\t\t\t\t\n\t\t\t\t\n\t\t\t\t\n\t\t\t\t\t\t\t\t\t<div class=\"elementor-cta__button-wrapper elementor-cta__content-item elementor-content-item elementor-animated-item--grow\">\n\t\t\t\t\t<span class=\"elementor-cta__button elementor-button elementor-size-\">\n\t\t\t\t\t\tKlikni za vi\u0161e informacija\t\t\t\t\t<\/span>\n\t\t\t\t\t<\/div>\n\t\t\t\t\t\t\t<\/div>\n\t\t\t\t\t\t<\/a>\n\t\t\t\t\t\t<\/div>\n\t\t\t\t<\/div>\n\t\t\t\t\t<\/div>\n\t\t<\/div>\n\t\t\t\t<div class=\"elementor-column elementor-col-33 elementor-top-column elementor-element elementor-element-6087aec\" data-id=\"6087aec\" data-element_type=\"column\">\n\t\t\t<div class=\"elementor-widget-wrap elementor-element-populated\">\n\t\t\t\t\t\t<div class=\"elementor-element elementor-element-50bba77 elementor-cta--skin-cover elementor-cta--valign-top elementor-animated-content elementor-bg-transform elementor-bg-transform-zoom-in elementor-widget elementor-widget-call-to-action\" data-id=\"50bba77\" data-element_type=\"widget\" data-widget_type=\"call-to-action.default\">\n\t\t\t\t<div class=\"elementor-widget-container\">\n\t\t\t\t\t\t\t<a class=\"elementor-cta\" href=\"https:\/\/docek2026.com\/repriza-ng\/\">\n\t\t\t\t\t<div class=\"elementor-cta__bg-wrapper\">\n\t\t\t\t<div class=\"elementor-cta__bg elementor-bg\" style=\"background-image: url(https:\/\/euphoria.marketing\/events\/wp-content\/uploads\/2025\/11\/DOCEK-26-REPRIZA-NOVE-GODINE-1080x1350-sajt.webp);\" role=\"img\" aria-label=\"DOCEK-26-REPRIZA-NOVE-GODINE-1080x1350-sajt\"><\/div>\n\t\t\t\t<div class=\"elementor-cta__bg-overlay\"><\/div>\n\t\t\t<\/div>\n\t\t\t\t\t\t\t<div class=\"elementor-cta__content\">\n\t\t\t\t\n\t\t\t\t\n\t\t\t\t\n\t\t\t\t\t\t\t\t\t<div class=\"elementor-cta__button-wrapper elementor-cta__content-item elementor-content-item elementor-animated-item--grow\">\n\t\t\t\t\t<span class=\"elementor-cta__button elementor-button elementor-size-\">\n\t\t\t\t\t\tKlikni za vi\u0161e informacija\t\t\t\t\t<\/span>\n\t\t\t\t\t<\/div>\n\t\t\t\t\t\t\t<\/div>\n\t\t\t\t\t\t<\/a>\n\t\t\t\t\t\t<\/div>\n\t\t\t\t<\/div>\n\t\t\t\t\t<\/div>\n\t\t<\/div>\n\t\t\t\t\t<\/div>\n\t\t<\/section>\n\t\t\t\t<section class=\"elementor-section elementor-top-section elementor-element elementor-element-3bfc9c0 elementor-section-full_width elementor-section-content-top elementor-section-stretched elementor-section-height-full elementor-hidden-desktop elementor-section-height-default elementor-section-items-middle\" data-id=\"3bfc9c0\" data-element_type=\"section\" data-settings=\"{&quot;stretch_section&quot;:&quot;section-stretched&quot;}\">\n\t\t\t\t\t\t<div class=\"elementor-container elementor-column-gap-no\">\n\t\t\t\t\t<div class=\"elementor-column elementor-col-33 elementor-top-column elementor-element elementor-element-c900ac1\" data-id=\"c900ac1\" data-element_type=\"column\">\n\t\t\t<div class=\"elementor-widget-wrap elementor-element-populated\">\n\t\t\t\t\t\t<div class=\"elementor-element elementor-element-39a06d7 elementor-cta--skin-cover elementor-cta--valign-top elementor-bg-transform elementor-bg-transform-zoom-in elementor-widget elementor-widget-call-to-action\" data-id=\"39a06d7\" data-element_type=\"widget\" data-widget_type=\"call-to-action.default\">\n\t\t\t\t<div class=\"elementor-widget-container\">\n\t\t\t\t\t\t\t<a class=\"elementor-cta\" href=\"https:\/\/docek2026.com\/\">\n\t\t\t\t\t<div class=\"elementor-cta__bg-wrapper\">\n\t\t\t\t<div class=\"elementor-cta__bg elementor-bg\" style=\"background-image: url(https:\/\/euphoria.marketing\/events\/wp-content\/uploads\/2025\/11\/DOCEK-26-TEA-TAIROVIC-1080x1350-sajt.webp);\" role=\"img\" aria-label=\"DOCEK-26-TEA-TAIROVIC-1080x1350-sajt\"><\/div>\n\t\t\t\t<div class=\"elementor-cta__bg-overlay\"><\/div>\n\t\t\t<\/div>\n\t\t\t\t\t\t\t<div class=\"elementor-cta__content\">\n\t\t\t\t\n\t\t\t\t\n\t\t\t\t\n\t\t\t\t\t\t\t\t\t<div class=\"elementor-cta__button-wrapper elementor-cta__content-item elementor-content-item \">\n\t\t\t\t\t<span class=\"elementor-cta__button elementor-button elementor-size-xs\">\n\t\t\t\t\t\tklikni za vi\u0161e informacija\t\t\t\t\t<\/span>\n\t\t\t\t\t<\/div>\n\t\t\t\t\t\t\t<\/div>\n\t\t\t\t\t\t<\/a>\n\t\t\t\t\t\t<\/div>\n\t\t\t\t<\/div>\n\t\t\t\t\t<\/div>\n\t\t<\/div>\n\t\t\t\t<div class=\"elementor-column elementor-col-33 elementor-top-column elementor-element elementor-element-485d5d5\" data-id=\"485d5d5\" data-element_type=\"column\">\n\t\t\t<div class=\"elementor-widget-wrap elementor-element-populated\">\n\t\t\t\t\t\t<div class=\"elementor-element elementor-element-7f25847 elementor-cta--skin-cover elementor-cta--valign-top elementor-bg-transform elementor-bg-transform-zoom-in elementor-widget elementor-widget-call-to-action\" data-id=\"7f25847\" data-element_type=\"widget\" data-widget_type=\"call-to-action.default\">\n\t\t\t\t<div class=\"elementor-widget-container\">\n\t\t\t\t\t\t\t<a class=\"elementor-cta\" href=\"https:\/\/docek2026.com\/docek-nove-godine\/\">\n\t\t\t\t\t<div class=\"elementor-cta__bg-wrapper\">\n\t\t\t\t<div class=\"elementor-cta__bg elementor-bg\" style=\"background-image: url(https:\/\/euphoria.marketing\/events\/wp-content\/uploads\/2025\/11\/DOCEK-26-DOCEK-NOVE-GODINE-1080x1350-sajt.webp);\" role=\"img\" aria-label=\"DOCEK-26-DOCEK-NOVE-GODINE-1080x1350-sajt\"><\/div>\n\t\t\t\t<div class=\"elementor-cta__bg-overlay\"><\/div>\n\t\t\t<\/div>\n\t\t\t\t\t\t\t<div class=\"elementor-cta__content\">\n\t\t\t\t\n\t\t\t\t\n\t\t\t\t\n\t\t\t\t\t\t\t\t\t<div class=\"elementor-cta__button-wrapper elementor-cta__content-item elementor-content-item \">\n\t\t\t\t\t<span class=\"elementor-cta__button elementor-button elementor-size-xs\">\n\t\t\t\t\t\tklikni za vi\u0161e informacija\t\t\t\t\t<\/span>\n\t\t\t\t\t<\/div>\n\t\t\t\t\t\t\t<\/div>\n\t\t\t\t\t\t<\/a>\n\t\t\t\t\t\t<\/div>\n\t\t\t\t<\/div>\n\t\t\t\t\t<\/div>\n\t\t<\/div>\n\t\t\t\t<div class=\"elementor-column elementor-col-33 elementor-top-column elementor-element elementor-element-a1e9458\" data-id=\"a1e9458\" data-element_type=\"column\">\n\t\t\t<div class=\"elementor-widget-wrap elementor-element-populated\">\n\t\t\t\t\t\t<div class=\"elementor-element elementor-element-b28b527 elementor-cta--skin-cover elementor-cta--valign-top elementor-bg-transform elementor-bg-transform-zoom-in elementor-widget elementor-widget-call-to-action\" data-id=\"b28b527\" data-element_type=\"widget\" data-widget_type=\"call-to-action.default\">\n\t\t\t\t<div class=\"elementor-widget-container\">\n\t\t\t\t\t\t\t<a class=\"elementor-cta\" href=\"https:\/\/docek2026.com\/repriza-ng\/\">\n\t\t\t\t\t<div class=\"elementor-cta__bg-wrapper\">\n\t\t\t\t<div class=\"elementor-cta__bg elementor-bg\" style=\"background-image: url(https:\/\/euphoria.marketing\/events\/wp-content\/uploads\/2025\/11\/DOCEK-26-REPRIZA-NOVE-GODINE-1080x1350-sajt.webp);\" role=\"img\" aria-label=\"DOCEK-26-REPRIZA-NOVE-GODINE-1080x1350-sajt\"><\/div>\n\t\t\t\t<div class=\"elementor-cta__bg-overlay\"><\/div>\n\t\t\t<\/div>\n\t\t\t\t\t\t\t<div class=\"elementor-cta__content\">\n\t\t\t\t\n\t\t\t\t\n\t\t\t\t\n\t\t\t\t\t\t\t\t\t<div class=\"elementor-cta__button-wrapper elementor-cta__content-item elementor-content-item \">\n\t\t\t\t\t<span class=\"elementor-cta__button elementor-button elementor-size-xs\">\n\t\t\t\t\t\tklikni za vi\u0161e informacija\t\t\t\t\t<\/span>\n\t\t\t\t\t<\/div>\n\t\t\t\t\t\t\t<\/div>\n\t\t\t\t\t\t<\/a>\n\t\t\t\t\t\t<\/div>\n\t\t\t\t<\/div>\n\t\t\t\t\t<\/div>\n\t\t<\/div>\n\t\t\t\t\t<\/div>\n\t\t<\/section>\n\t\t\t\t<\/div>\n\t\t","protected":false},"excerpt":{"rendered":"<p>Klikni za vi\u0161e informacija Klikni za vi\u0161e informacija Klikni za vi\u0161e informacija klikni za vi\u0161e informacija klikni za vi\u0161e informacija klikni za vi\u0161e informacija<\/p>\n","protected":false},"author":6,"featured_media":8941,"parent":0,"menu_order":0,"comment_status":"closed","ping_status":"closed","template":"","meta":{"footnotes":""},"class_list":["post-4713","page","type-page","status-publish","has-post-thumbnail","hentry"],"yoast_head":"<!-- This site is optimized with the Yoast SEO plugin v25.3.1 - https:\/\/yoast.com\/wordpress\/plugins\/seo\/ -->\n<title>Najve\u0107e \u017eurke na Balkanu &#187; EUPHORIA marketing<\/title>\n<meta name=\"description\" content=\"Od 31. jula do 2. avgusta, tri no\u0107i festivala, tri ve\u010deri muzike, emocije i nezaboravne energije u najve\u0107em open air clubu na Balkanu.\" \/>\n<meta name=\"robots\" content=\"index, follow, max-snippet:-1, max-image-preview:large, max-video-preview:-1\" \/>\n<link rel=\"canonical\" href=\"https:\/\/euphoria.marketing\/events\/\" \/>\n<meta property=\"og:locale\" content=\"sr_RS\" \/>\n<meta property=\"og:type\" content=\"article\" \/>\n<meta property=\"og:title\" content=\"Najve\u0107e \u017eurke na Balkanu &#187; EUPHORIA marketing\" \/>\n<meta property=\"og:description\" content=\"Od 31. jula do 2. avgusta, tri no\u0107i festivala, tri ve\u010deri muzike, emocije i nezaboravne energije u najve\u0107em open air clubu na Balkanu.\" \/>\n<meta property=\"og:url\" content=\"https:\/\/euphoria.marketing\/events\/\" \/>\n<meta property=\"og:site_name\" content=\"Najve\u0107e \u017eurke na Balkanu\" \/>\n<meta property=\"article:modified_time\" content=\"2025-11-07T18:07:54+00:00\" \/>\n<meta property=\"og:image\" content=\"https:\/\/euphoria.marketing\/events\/wp-content\/uploads\/2025\/11\/DOCEK-26-DOCEK-NOVE-GODINE-a4.webp\" \/>\n\t<meta property=\"og:image:width\" content=\"1810\" \/>\n\t<meta property=\"og:image:height\" content=\"2560\" \/>\n\t<meta property=\"og:image:type\" content=\"image\/webp\" \/>\n<meta name=\"twitter:card\" content=\"summary_large_image\" \/>\n<meta name=\"twitter:label1\" content=\"Procenjeno vreme \u010ditanja\" \/>\n\t<meta name=\"twitter:data1\" content=\"1 minut\" \/>\n<script type=\"application\/ld+json\" class=\"yoast-schema-graph\">{\"@context\":\"https:\/\/schema.org\",\"@graph\":[{\"@type\":\"WebPage\",\"@id\":\"https:\/\/euphoria.marketing\/events\/\",\"url\":\"https:\/\/euphoria.marketing\/events\/\",\"name\":\"Najve\u0107e \u017eurke na Balkanu &#187; EUPHORIA marketing\",\"isPartOf\":{\"@id\":\"https:\/\/euphoria.marketing\/events\/#website\"},\"primaryImageOfPage\":{\"@id\":\"https:\/\/euphoria.marketing\/events\/#primaryimage\"},\"image\":{\"@id\":\"https:\/\/euphoria.marketing\/events\/#primaryimage\"},\"thumbnailUrl\":\"https:\/\/euphoria.marketing\/events\/wp-content\/uploads\/2025\/11\/DOCEK-26-DOCEK-NOVE-GODINE-a4.webp\",\"datePublished\":\"2023-05-11T09:11:07+00:00\",\"dateModified\":\"2025-11-07T18:07:54+00:00\",\"description\":\"Od 31. jula do 2. avgusta, tri no\u0107i festivala, tri ve\u010deri muzike, emocije i nezaboravne energije u najve\u0107em open air clubu na Balkanu.\",\"breadcrumb\":{\"@id\":\"https:\/\/euphoria.marketing\/events\/#breadcrumb\"},\"inLanguage\":\"sr-RS\",\"potentialAction\":[{\"@type\":\"ReadAction\",\"target\":[\"https:\/\/euphoria.marketing\/events\/\"]}]},{\"@type\":\"ImageObject\",\"inLanguage\":\"sr-RS\",\"@id\":\"https:\/\/euphoria.marketing\/events\/#primaryimage\",\"url\":\"https:\/\/euphoria.marketing\/events\/wp-content\/uploads\/2025\/11\/DOCEK-26-DOCEK-NOVE-GODINE-a4.webp\",\"contentUrl\":\"https:\/\/euphoria.marketing\/events\/wp-content\/uploads\/2025\/11\/DOCEK-26-DOCEK-NOVE-GODINE-a4.webp\",\"width\":1810,\"height\":2560},{\"@type\":\"BreadcrumbList\",\"@id\":\"https:\/\/euphoria.marketing\/events\/#breadcrumb\",\"itemListElement\":[{\"@type\":\"ListItem\",\"position\":1,\"name\":\"\u041f\u043e\u0447\u0435\u0442\u043d\u0430\",\"item\":\"https:\/\/euphoria.marketing\/events\/\"},{\"@type\":\"ListItem\",\"position\":2,\"name\":\"Po\u010detna\"}]},{\"@type\":\"WebSite\",\"@id\":\"https:\/\/euphoria.marketing\/events\/#website\",\"url\":\"https:\/\/euphoria.marketing\/events\/\",\"name\":\"Najve\u0107e \u017eurke na Balkanu\",\"description\":\"EUPHORIA marketing\",\"publisher\":{\"@id\":\"https:\/\/euphoria.marketing\/events\/#organization\"},\"potentialAction\":[{\"@type\":\"SearchAction\",\"target\":{\"@type\":\"EntryPoint\",\"urlTemplate\":\"https:\/\/euphoria.marketing\/events\/?s={search_term_string}\"},\"query-input\":{\"@type\":\"PropertyValueSpecification\",\"valueRequired\":true,\"valueName\":\"search_term_string\"}}],\"inLanguage\":\"sr-RS\"},{\"@type\":\"Organization\",\"@id\":\"https:\/\/euphoria.marketing\/events\/#organization\",\"name\":\"Do\u010dek 2022\",\"url\":\"https:\/\/euphoria.marketing\/events\/\",\"logo\":{\"@type\":\"ImageObject\",\"inLanguage\":\"sr-RS\",\"@id\":\"https:\/\/euphoria.marketing\/events\/#\/schema\/logo\/image\/\",\"url\":\"\",\"contentUrl\":\"\",\"caption\":\"Do\u010dek 2022\"},\"image\":{\"@id\":\"https:\/\/euphoria.marketing\/events\/#\/schema\/logo\/image\/\"}}]}<\/script>\n<!-- \/ Yoast SEO plugin. -->","yoast_head_json":{"title":"Najve\u0107e \u017eurke na Balkanu &#187; EUPHORIA marketing","description":"Od 31. jula do 2. avgusta, tri no\u0107i festivala, tri ve\u010deri muzike, emocije i nezaboravne energije u najve\u0107em open air clubu na Balkanu.","robots":{"index":"index","follow":"follow","max-snippet":"max-snippet:-1","max-image-preview":"max-image-preview:large","max-video-preview":"max-video-preview:-1"},"canonical":"https:\/\/euphoria.marketing\/events\/","og_locale":"sr_RS","og_type":"article","og_title":"Najve\u0107e \u017eurke na Balkanu &#187; EUPHORIA marketing","og_description":"Od 31. jula do 2. avgusta, tri no\u0107i festivala, tri ve\u010deri muzike, emocije i nezaboravne energije u najve\u0107em open air clubu na Balkanu.","og_url":"https:\/\/euphoria.marketing\/events\/","og_site_name":"Najve\u0107e \u017eurke na Balkanu","article_modified_time":"2025-11-07T18:07:54+00:00","og_image":[{"width":1810,"height":2560,"url":"https:\/\/euphoria.marketing\/events\/wp-content\/uploads\/2025\/11\/DOCEK-26-DOCEK-NOVE-GODINE-a4.webp","type":"image\/webp"}],"twitter_card":"summary_large_image","twitter_misc":{"Procenjeno vreme \u010ditanja":"1 minut"},"schema":{"@context":"https:\/\/schema.org","@graph":[{"@type":"WebPage","@id":"https:\/\/euphoria.marketing\/events\/","url":"https:\/\/euphoria.marketing\/events\/","name":"Najve\u0107e \u017eurke na Balkanu &#187; EUPHORIA marketing","isPartOf":{"@id":"https:\/\/euphoria.marketing\/events\/#website"},"primaryImageOfPage":{"@id":"https:\/\/euphoria.marketing\/events\/#primaryimage"},"image":{"@id":"https:\/\/euphoria.marketing\/events\/#primaryimage"},"thumbnailUrl":"https:\/\/euphoria.marketing\/events\/wp-content\/uploads\/2025\/11\/DOCEK-26-DOCEK-NOVE-GODINE-a4.webp","datePublished":"2023-05-11T09:11:07+00:00","dateModified":"2025-11-07T18:07:54+00:00","description":"Od 31. jula do 2. avgusta, tri no\u0107i festivala, tri ve\u010deri muzike, emocije i nezaboravne energije u najve\u0107em open air clubu na Balkanu.","breadcrumb":{"@id":"https:\/\/euphoria.marketing\/events\/#breadcrumb"},"inLanguage":"sr-RS","potentialAction":[{"@type":"ReadAction","target":["https:\/\/euphoria.marketing\/events\/"]}]},{"@type":"ImageObject","inLanguage":"sr-RS","@id":"https:\/\/euphoria.marketing\/events\/#primaryimage","url":"https:\/\/euphoria.marketing\/events\/wp-content\/uploads\/2025\/11\/DOCEK-26-DOCEK-NOVE-GODINE-a4.webp","contentUrl":"https:\/\/euphoria.marketing\/events\/wp-content\/uploads\/2025\/11\/DOCEK-26-DOCEK-NOVE-GODINE-a4.webp","width":1810,"height":2560},{"@type":"BreadcrumbList","@id":"https:\/\/euphoria.marketing\/events\/#breadcrumb","itemListElement":[{"@type":"ListItem","position":1,"name":"\u041f\u043e\u0447\u0435\u0442\u043d\u0430","item":"https:\/\/euphoria.marketing\/events\/"},{"@type":"ListItem","position":2,"name":"Po\u010detna"}]},{"@type":"WebSite","@id":"https:\/\/euphoria.marketing\/events\/#website","url":"https:\/\/euphoria.marketing\/events\/","name":"Najve\u0107e \u017eurke na Balkanu","description":"EUPHORIA marketing","publisher":{"@id":"https:\/\/euphoria.marketing\/events\/#organization"},"potentialAction":[{"@type":"SearchAction","target":{"@type":"EntryPoint","urlTemplate":"https:\/\/euphoria.marketing\/events\/?s={search_term_string}"},"query-input":{"@type":"PropertyValueSpecification","valueRequired":true,"valueName":"search_term_string"}}],"inLanguage":"sr-RS"},{"@type":"Organization","@id":"https:\/\/euphoria.marketing\/events\/#organization","name":"Do\u010dek 2022","url":"https:\/\/euphoria.marketing\/events\/","logo":{"@type":"ImageObject","inLanguage":"sr-RS","@id":"https:\/\/euphoria.marketing\/events\/#\/schema\/logo\/image\/","url":"","contentUrl":"","caption":"Do\u010dek 2022"},"image":{"@id":"https:\/\/euphoria.marketing\/events\/#\/schema\/logo\/image\/"}}]}},"jetpack_sharing_enabled":true,"_links":{"self":[{"href":"https:\/\/euphoria.marketing\/events\/wp-json\/wp\/v2\/pages\/4713","targetHints":{"allow":["GET"]}}],"collection":[{"href":"https:\/\/euphoria.marketing\/events\/wp-json\/wp\/v2\/pages"}],"about":[{"href":"https:\/\/euphoria.marketing\/events\/wp-json\/wp\/v2\/types\/page"}],"author":[{"embeddable":true,"href":"https:\/\/euphoria.marketing\/events\/wp-json\/wp\/v2\/users\/6"}],"replies":[{"embeddable":true,"href":"https:\/\/euphoria.marketing\/events\/wp-json\/wp\/v2\/comments?post=4713"}],"version-history":[{"count":196,"href":"https:\/\/euphoria.marketing\/events\/wp-json\/wp\/v2\/pages\/4713\/revisions"}],"predecessor-version":[{"id":8950,"href":"https:\/\/euphoria.marketing\/events\/wp-json\/wp\/v2\/pages\/4713\/revisions\/8950"}],"wp:featuredmedia":[{"embeddable":true,"href":"https:\/\/euphoria.marketing\/events\/wp-json\/wp\/v2\/media\/8941"}],"wp:attachment":[{"href":"https:\/\/euphoria.marketing\/events\/wp-json\/wp\/v2\/media?parent=4713"}],"curies":[{"name":"wp","href":"https:\/\/api.w.org\/{rel}","templated":true}]}}